{"id":659194,"date":"2021-10-11T09:12:52","date_gmt":"2021-10-11T14:12:52","guid":{"rendered":"https:\/\/endodontistemonteregie.ca\/carriere\/"},"modified":"2024-09-23T10:29:21","modified_gmt":"2024-09-23T15:29:21","slug":"career","status":"publish","type":"page","link":"https:\/\/endodontistemonteregie.ca\/en\/career\/","title":{"rendered":"Career"},"content":{"rendered":"\n<section   class=\"o-block animated\" data-animation=\"fadeInUp\">\n    <div class=\"c-text o-container\">\n        <div class=\"c-text_inner\">\n            \n                            <div class=\"c-text_content w-100\">\n                <h2 style=\"text-align: center;\">A caring company<\/h2>\n<p>We&#8217;re always on the lookout for smiling, warm and committed new talent. The clinic offers a stimulating, collaborative environment focused on patient well-being. We bring out the best in everyone, so they can feel fulfilled at work. Here are just some of the benefits we offer.<\/p>\n\n            <\/div>\n                    <\/div>\n    <\/div>\n<\/section>","protected":false},"excerpt":{"rendered":"","protected":false},"author":1,"featured_media":0,"parent":0,"menu_order":0,"comment_status":"closed","ping_status":"closed","template":"\/templates\/job-offers.php","meta":{"_acf_changed":false,"footnotes":""},"page-category":[],"class_list":["post-659194","page","type-page","status-publish","hentry"],"acf":[],"yoast_head":"<!-- This site is optimized with the Yoast SEO Premium plugin v25.1 (Yoast SEO v25.1) - https:\/\/yoast.com\/wordpress\/plugins\/seo\/ -->\n<title>Career at Endodontie Mont\u00e9r\u00e9gie Join our team in Saint-Hubert<\/title>\n<meta name=\"description\" content=\"Explore career opportunities at Endodontie Mont\u00e9r\u00e9gie in Saint-Hubert. Join a team of endodontic experts and contribute to quality care.\" \/>\n<meta name=\"robots\" content=\"index, follow, max-snippet:-1, max-image-preview:large, max-video-preview:-1\" \/>\n<link rel=\"canonical\" href=\"https:\/\/endodontistemonteregie.ca\/en\/career\/\" \/>\n<meta property=\"og:locale\" content=\"en_US\" \/>\n<meta property=\"og:type\" content=\"article\" \/>\n<meta property=\"og:title\" content=\"Career\" \/>\n<meta property=\"og:url\" content=\"https:\/\/endodontistemonteregie.ca\/en\/career\/\" \/>\n<meta property=\"og:site_name\" content=\"Endodontie Mont\u00e9r\u00e9gie\" \/>\n<meta property=\"article:modified_time\" content=\"2024-09-23T15:29:21+00:00\" \/>\n<meta name=\"twitter:card\" content=\"summary_large_image\" \/>\n<script type=\"application\/ld+json\" class=\"yoast-schema-graph\">{\"@context\":\"https:\/\/schema.org\",\"@graph\":[{\"@type\":\"WebPage\",\"@id\":\"https:\/\/endodontistemonteregie.ca\/en\/career\/\",\"url\":\"https:\/\/endodontistemonteregie.ca\/en\/career\/\",\"name\":\"Career at Endodontie Mont\u00e9r\u00e9gie Join our team in Saint-Hubert\",\"isPartOf\":{\"@id\":\"https:\/\/endodontistemonteregie.ca\/en\/#website\"},\"datePublished\":\"2021-10-11T14:12:52+00:00\",\"dateModified\":\"2024-09-23T15:29:21+00:00\",\"description\":\"Explore career opportunities at Endodontie Mont\u00e9r\u00e9gie in Saint-Hubert. Join a team of endodontic experts and contribute to quality care.\",\"inLanguage\":\"en-US\",\"potentialAction\":[{\"@type\":\"ReadAction\",\"target\":[\"https:\/\/endodontistemonteregie.ca\/en\/career\/\"]}]},{\"@type\":\"WebSite\",\"@id\":\"https:\/\/endodontistemonteregie.ca\/en\/#website\",\"url\":\"https:\/\/endodontistemonteregie.ca\/en\/\",\"name\":\"Endodontie Mont\u00e9r\u00e9gie\",\"description\":\"Sp\u00e9cialistes en traitement de canal \u00e0 Saint-Hubert\",\"potentialAction\":[{\"@type\":\"SearchAction\",\"target\":{\"@type\":\"EntryPoint\",\"urlTemplate\":\"https:\/\/endodontistemonteregie.ca\/en\/?s={search_term_string}\"},\"query-input\":{\"@type\":\"PropertyValueSpecification\",\"valueRequired\":true,\"valueName\":\"search_term_string\"}}],\"inLanguage\":\"en-US\"}]}<\/script>\n<!-- \/ Yoast SEO Premium plugin. -->","yoast_head_json":{"title":"Career at Endodontie Mont\u00e9r\u00e9gie Join our team in Saint-Hubert","description":"Explore career opportunities at Endodontie Mont\u00e9r\u00e9gie in Saint-Hubert. Join a team of endodontic experts and contribute to quality care.","robots":{"index":"index","follow":"follow","max-snippet":"max-snippet:-1","max-image-preview":"max-image-preview:large","max-video-preview":"max-video-preview:-1"},"canonical":"https:\/\/endodontistemonteregie.ca\/en\/career\/","og_locale":"en_US","og_type":"article","og_title":"Career","og_url":"https:\/\/endodontistemonteregie.ca\/en\/career\/","og_site_name":"Endodontie Mont\u00e9r\u00e9gie","article_modified_time":"2024-09-23T15:29:21+00:00","twitter_card":"summary_large_image","schema":{"@context":"https:\/\/schema.org","@graph":[{"@type":"WebPage","@id":"https:\/\/endodontistemonteregie.ca\/en\/career\/","url":"https:\/\/endodontistemonteregie.ca\/en\/career\/","name":"Career at Endodontie Mont\u00e9r\u00e9gie Join our team in Saint-Hubert","isPartOf":{"@id":"https:\/\/endodontistemonteregie.ca\/en\/#website"},"datePublished":"2021-10-11T14:12:52+00:00","dateModified":"2024-09-23T15:29:21+00:00","description":"Explore career opportunities at Endodontie Mont\u00e9r\u00e9gie in Saint-Hubert. Join a team of endodontic experts and contribute to quality care.","inLanguage":"en-US","potentialAction":[{"@type":"ReadAction","target":["https:\/\/endodontistemonteregie.ca\/en\/career\/"]}]},{"@type":"WebSite","@id":"https:\/\/endodontistemonteregie.ca\/en\/#website","url":"https:\/\/endodontistemonteregie.ca\/en\/","name":"Endodontie Mont\u00e9r\u00e9gie","description":"Sp\u00e9cialistes en traitement de canal \u00e0 Saint-Hubert","potentialAction":[{"@type":"SearchAction","target":{"@type":"EntryPoint","urlTemplate":"https:\/\/endodontistemonteregie.ca\/en\/?s={search_term_string}"},"query-input":{"@type":"PropertyValueSpecification","valueRequired":true,"valueName":"search_term_string"}}],"inLanguage":"en-US"}]}},"_links":{"self":[{"href":"https:\/\/endodontistemonteregie.ca\/en\/wp-json\/wp\/v2\/pages\/659194","targetHints":{"allow":["GET"]}}],"collection":[{"href":"https:\/\/endodontistemonteregie.ca\/en\/wp-json\/wp\/v2\/pages"}],"about":[{"href":"https:\/\/endodontistemonteregie.ca\/en\/wp-json\/wp\/v2\/types\/page"}],"author":[{"embeddable":true,"href":"https:\/\/endodontistemonteregie.ca\/en\/wp-json\/wp\/v2\/users\/1"}],"replies":[{"embeddable":true,"href":"https:\/\/endodontistemonteregie.ca\/en\/wp-json\/wp\/v2\/comments?post=659194"}],"version-history":[{"count":2,"href":"https:\/\/endodontistemonteregie.ca\/en\/wp-json\/wp\/v2\/pages\/659194\/revisions"}],"predecessor-version":[{"id":659198,"href":"https:\/\/endodontistemonteregie.ca\/en\/wp-json\/wp\/v2\/pages\/659194\/revisions\/659198"}],"wp:attachment":[{"href":"https:\/\/endodontistemonteregie.ca\/en\/wp-json\/wp\/v2\/media?parent=659194"}],"wp:term":[{"taxonomy":"page-category","embeddable":true,"href":"https:\/\/endodontistemonteregie.ca\/en\/wp-json\/wp\/v2\/page-category?post=659194"}],"curies":[{"name":"wp","href":"https:\/\/api.w.org\/{rel}","templated":true}]}}