{"id":659199,"date":"2024-04-23T12:48:38","date_gmt":"2024-04-23T17:48:38","guid":{"rendered":"https:\/\/endodontistemonteregie.ca\/diagnostic\/"},"modified":"2024-09-23T09:22:37","modified_gmt":"2024-09-23T14:22:37","slug":"diagnostic","status":"publish","type":"page","link":"https:\/\/endodontistemonteregie.ca\/en\/diagnostic\/","title":{"rendered":"Diagnostic"},"content":{"rendered":"\n<section   class=\"o-block animated\" data-animation=\"fadeInUp\">\n    <div class=\"c-media-text o-container\">\n        <div class=\"c-media-text_inner relative-media\">\n            \n             \n                <div class=\"c-media-text_media -align_v-align-center\">\n                    <img decoding=\"async\" class=\"c-media-text_image\"\n                        src=\"https:\/\/endodontistemonteregie.ca\/wp-content\/uploads\/2024\/04\/diagnostic.jpg\"\n                         srcset=\"https:\/\/endodontistemonteregie.ca\/wp-content\/uploads\/2024\/04\/diagnostic.jpg 1536w, https:\/\/endodontistemonteregie.ca\/wp-content\/uploads\/2024\/04\/diagnostic.jpg 2048w, https:\/\/endodontistemonteregie.ca\/wp-content\/uploads\/2024\/04\/diagnostic-1440x960.jpg 1440w, https:\/\/endodontistemonteregie.ca\/wp-content\/uploads\/2024\/04\/diagnostic-720x480.jpg 720w, https:\/\/endodontistemonteregie.ca\/wp-content\/uploads\/2024\/04\/diagnostic-360x240.jpg 360w\"                         alt=\"Diagnostic \u00e0 Endodontie Mont\u00e9r\u00e9gie, \u00e0 Saint-Hubert.\">\n                <\/div>\n            \n            <div class=\"c-media-text_content -align_v-align-center\">\n                <h2>Diagnostic examination<\/h2>\n<p>Although your dentist may have already performed a cursory assessment, the endodontist always performs a thorough examination of the teeth in the area before proceeding with your root canal treatment. The examination usually includes X-rays, 3D imaging and certain sensitivity tests. The aim of the diagnostic examination is to pinpoint the problem with certainty, propose the appropriate treatment and then determine the chances of success of your treatment, while explaining possible complications.<\/p>\n\n            <\/div>\n        <\/div>\n    <\/div>\n<\/section>","protected":false},"excerpt":{"rendered":"","protected":false},"author":1,"featured_media":0,"parent":0,"menu_order":0,"comment_status":"closed","ping_status":"closed","template":"","meta":{"_acf_changed":false,"footnotes":""},"page-category":[],"class_list":["post-659199","page","type-page","status-publish","hentry"],"acf":[],"yoast_head":"<!-- This site is optimized with the Yoast SEO Premium plugin v25.1 (Yoast SEO v25.1) - https:\/\/yoast.com\/wordpress\/plugins\/seo\/ -->\n<title>Diagnostic examination in Endodontie Mont\u00e9r\u00e9gie in Saint Hubert - Precision and expertise<\/title>\n<meta name=\"description\" content=\"Complete endodontic examination in Saint-Hubert, Mont\u00e9r\u00e9gie: X-rays, 3D imaging and tests for precise and effective root canal treatment.\" \/>\n<meta name=\"robots\" content=\"index, follow, max-snippet:-1, max-image-preview:large, max-video-preview:-1\" \/>\n<link rel=\"canonical\" href=\"https:\/\/endodontistemonteregie.ca\/en\/diagnostic\/\" \/>\n<meta property=\"og:locale\" content=\"en_US\" \/>\n<meta property=\"og:type\" content=\"article\" \/>\n<meta property=\"og:title\" content=\"Diagnostic\" \/>\n<meta property=\"og:url\" content=\"https:\/\/endodontistemonteregie.ca\/en\/diagnostic\/\" \/>\n<meta property=\"og:site_name\" content=\"Endodontie Mont\u00e9r\u00e9gie\" \/>\n<meta property=\"article:modified_time\" content=\"2024-09-23T14:22:37+00:00\" \/>\n<meta name=\"twitter:card\" content=\"summary_large_image\" \/>\n<script type=\"application\/ld+json\" class=\"yoast-schema-graph\">{\"@context\":\"https:\/\/schema.org\",\"@graph\":[{\"@type\":\"WebPage\",\"@id\":\"https:\/\/endodontistemonteregie.ca\/en\/diagnostic\/\",\"url\":\"https:\/\/endodontistemonteregie.ca\/en\/diagnostic\/\",\"name\":\"Diagnostic examination in Endodontie Mont\u00e9r\u00e9gie in Saint Hubert - Precision and expertise\",\"isPartOf\":{\"@id\":\"https:\/\/endodontistemonteregie.ca\/en\/#website\"},\"datePublished\":\"2024-04-23T17:48:38+00:00\",\"dateModified\":\"2024-09-23T14:22:37+00:00\",\"description\":\"Complete endodontic examination in Saint-Hubert, Mont\u00e9r\u00e9gie: X-rays, 3D imaging and tests for precise and effective root canal treatment.\",\"inLanguage\":\"en-US\",\"potentialAction\":[{\"@type\":\"ReadAction\",\"target\":[\"https:\/\/endodontistemonteregie.ca\/en\/diagnostic\/\"]}]},{\"@type\":\"WebSite\",\"@id\":\"https:\/\/endodontistemonteregie.ca\/en\/#website\",\"url\":\"https:\/\/endodontistemonteregie.ca\/en\/\",\"name\":\"Endodontie Mont\u00e9r\u00e9gie\",\"description\":\"Sp\u00e9cialistes en traitement de canal \u00e0 Saint-Hubert\",\"potentialAction\":[{\"@type\":\"SearchAction\",\"target\":{\"@type\":\"EntryPoint\",\"urlTemplate\":\"https:\/\/endodontistemonteregie.ca\/en\/?s={search_term_string}\"},\"query-input\":{\"@type\":\"PropertyValueSpecification\",\"valueRequired\":true,\"valueName\":\"search_term_string\"}}],\"inLanguage\":\"en-US\"}]}<\/script>\n<!-- \/ Yoast SEO Premium plugin. -->","yoast_head_json":{"title":"Diagnostic examination in Endodontie Mont\u00e9r\u00e9gie in Saint Hubert - Precision and expertise","description":"Complete endodontic examination in Saint-Hubert, Mont\u00e9r\u00e9gie: X-rays, 3D imaging and tests for precise and effective root canal treatment.","robots":{"index":"index","follow":"follow","max-snippet":"max-snippet:-1","max-image-preview":"max-image-preview:large","max-video-preview":"max-video-preview:-1"},"canonical":"https:\/\/endodontistemonteregie.ca\/en\/diagnostic\/","og_locale":"en_US","og_type":"article","og_title":"Diagnostic","og_url":"https:\/\/endodontistemonteregie.ca\/en\/diagnostic\/","og_site_name":"Endodontie Mont\u00e9r\u00e9gie","article_modified_time":"2024-09-23T14:22:37+00:00","twitter_card":"summary_large_image","schema":{"@context":"https:\/\/schema.org","@graph":[{"@type":"WebPage","@id":"https:\/\/endodontistemonteregie.ca\/en\/diagnostic\/","url":"https:\/\/endodontistemonteregie.ca\/en\/diagnostic\/","name":"Diagnostic examination in Endodontie Mont\u00e9r\u00e9gie in Saint Hubert - Precision and expertise","isPartOf":{"@id":"https:\/\/endodontistemonteregie.ca\/en\/#website"},"datePublished":"2024-04-23T17:48:38+00:00","dateModified":"2024-09-23T14:22:37+00:00","description":"Complete endodontic examination in Saint-Hubert, Mont\u00e9r\u00e9gie: X-rays, 3D imaging and tests for precise and effective root canal treatment.","inLanguage":"en-US","potentialAction":[{"@type":"ReadAction","target":["https:\/\/endodontistemonteregie.ca\/en\/diagnostic\/"]}]},{"@type":"WebSite","@id":"https:\/\/endodontistemonteregie.ca\/en\/#website","url":"https:\/\/endodontistemonteregie.ca\/en\/","name":"Endodontie Mont\u00e9r\u00e9gie","description":"Sp\u00e9cialistes en traitement de canal \u00e0 Saint-Hubert","potentialAction":[{"@type":"SearchAction","target":{"@type":"EntryPoint","urlTemplate":"https:\/\/endodontistemonteregie.ca\/en\/?s={search_term_string}"},"query-input":{"@type":"PropertyValueSpecification","valueRequired":true,"valueName":"search_term_string"}}],"inLanguage":"en-US"}]}},"_links":{"self":[{"href":"https:\/\/endodontistemonteregie.ca\/en\/wp-json\/wp\/v2\/pages\/659199","targetHints":{"allow":["GET"]}}],"collection":[{"href":"https:\/\/endodontistemonteregie.ca\/en\/wp-json\/wp\/v2\/pages"}],"about":[{"href":"https:\/\/endodontistemonteregie.ca\/en\/wp-json\/wp\/v2\/types\/page"}],"author":[{"embeddable":true,"href":"https:\/\/endodontistemonteregie.ca\/en\/wp-json\/wp\/v2\/users\/1"}],"replies":[{"embeddable":true,"href":"https:\/\/endodontistemonteregie.ca\/en\/wp-json\/wp\/v2\/comments?post=659199"}],"version-history":[{"count":2,"href":"https:\/\/endodontistemonteregie.ca\/en\/wp-json\/wp\/v2\/pages\/659199\/revisions"}],"predecessor-version":[{"id":659202,"href":"https:\/\/endodontistemonteregie.ca\/en\/wp-json\/wp\/v2\/pages\/659199\/revisions\/659202"}],"wp:attachment":[{"href":"https:\/\/endodontistemonteregie.ca\/en\/wp-json\/wp\/v2\/media?parent=659199"}],"wp:term":[{"taxonomy":"page-category","embeddable":true,"href":"https:\/\/endodontistemonteregie.ca\/en\/wp-json\/wp\/v2\/page-category?post=659199"}],"curies":[{"name":"wp","href":"https:\/\/api.w.org\/{rel}","templated":true}]}}