{"id":659203,"date":"2024-03-11T10:19:43","date_gmt":"2024-03-11T15:19:43","guid":{"rendered":"https:\/\/endodontistemonteregie.ca\/microchirurgie-endodontique-apectomie\/"},"modified":"2024-09-23T09:29:36","modified_gmt":"2024-09-23T14:29:36","slug":"endodontic-microsurgery-apectomy","status":"publish","type":"page","link":"https:\/\/endodontistemonteregie.ca\/en\/endodontic-microsurgery-apectomy\/","title":{"rendered":"Endodontic microsurgery (apectomy)"},"content":{"rendered":"\n<section   class=\"o-block animated\" data-animation=\"fadeInUp\">\n    <div class=\"c-media-text o-container\">\n        <div class=\"c-media-text_inner relative-media right\">\n            \n             \n                <div class=\"c-media-text_media -align_v-align-center\">\n                    <img decoding=\"async\" class=\"c-media-text_image\"\n                        src=\"https:\/\/endodontistemonteregie.ca\/wp-content\/uploads\/2024\/04\/endodontie-1.jpg\"\n                         srcset=\"https:\/\/endodontistemonteregie.ca\/wp-content\/uploads\/2024\/04\/endodontie-1-1536x1318.jpg 1536w, https:\/\/endodontistemonteregie.ca\/wp-content\/uploads\/2024\/04\/endodontie-1.jpg 2048w, https:\/\/endodontistemonteregie.ca\/wp-content\/uploads\/2024\/04\/endodontie-1-1440x1236.jpg 1440w, https:\/\/endodontistemonteregie.ca\/wp-content\/uploads\/2024\/04\/endodontie-1-720x618.jpg 720w, https:\/\/endodontistemonteregie.ca\/wp-content\/uploads\/2024\/04\/endodontie-1-360x309.jpg 360w\"                         alt=\"Endodontie Saint Hubert.\">\n                <\/div>\n            \n            <div class=\"c-media-text_content -align_v-align-center\">\n                <h2>What is an apectomy?<\/h2>\n<p>Following a consultation including 3D imaging, the endodontist may recommend apical microsurgery if your tooth is showing inadequate healing or a new infection.<\/p>\n<p>During the procedure, the endodontist will use micro-instruments to remove the infection and the problematic root tip to gain access to your old root canal. He will then remove the obturating material present in the root tip and proceed to place a retrograde obturation to adequately seal the root canal system of the problem tooth.<\/p>\n\n            <\/div>\n        <\/div>\n    <\/div>\n<\/section>\n\n\n<section   class=\"o-block\">\n    <div class=\"c-text-v1 o-container\">\n        <div class=\"c-text_inner align-left\">\n                            <div class=\"c-text_content animated\" data-animation=\"fadeInUp\">\n                    <h2>Indications for treatment<\/h2>\n<p>Apectomy is generally recommended when the endodontist determines that:<\/p>\n<ul>\n<li>Initial treatment was adequate, but still failed.<\/li>\n<li>The cost of root canal retreatment is prohibitive, as a new post and\/or crown would be required afterwards.<\/li>\n<li>The morphology of the tooth presents such difficulties that the endodontist judges that retreatment is unlikely to work.<\/li>\n<\/ul>\n<p>Considering that apectomy is a surgical procedure, it is normal for you to experience swelling for 48 to 72 hours and mild to moderate pain following the procedure.<\/p>\n<p>Please refer to <a href=\"\/en\/post-operative-advice\/\">the post-operative advice<\/a> section for further information.<\/p>\n\n                <\/div>\n                        <div class=\"cta-parent\">\n                                            <\/div>\n        <\/div>\n    <\/div>\n<\/section>","protected":false},"excerpt":{"rendered":"","protected":false},"author":1,"featured_media":0,"parent":0,"menu_order":0,"comment_status":"closed","ping_status":"closed","template":"","meta":{"_acf_changed":false,"footnotes":""},"page-category":[],"class_list":["post-659203","page","type-page","status-publish","hentry"],"acf":[],"yoast_head":"<!-- This site is optimized with the Yoast SEO Premium plugin v25.1 (Yoast SEO v25.1) - https:\/\/yoast.com\/wordpress\/plugins\/seo\/ -->\n<title>Endodontic microsurgery (apectomy) in Saint Hubert - Endodontie Mont\u00e9r\u00e9gie<\/title>\n<meta name=\"description\" content=\"Discover the indications for endodontic apectomy in Mont\u00e9r\u00e9gie. Information on the procedure, pain management and post-operative advice.\" \/>\n<meta name=\"robots\" content=\"index, follow, max-snippet:-1, max-image-preview:large, max-video-preview:-1\" \/>\n<link rel=\"canonical\" href=\"https:\/\/endodontistemonteregie.ca\/en\/endodontic-microsurgery-apectomy\/\" \/>\n<meta property=\"og:locale\" content=\"en_US\" \/>\n<meta property=\"og:type\" content=\"article\" \/>\n<meta property=\"og:title\" content=\"Endodontic microsurgery (apectomy)\" \/>\n<meta property=\"og:url\" content=\"https:\/\/endodontistemonteregie.ca\/en\/endodontic-microsurgery-apectomy\/\" \/>\n<meta property=\"og:site_name\" content=\"Endodontie Mont\u00e9r\u00e9gie\" \/>\n<meta property=\"article:modified_time\" content=\"2024-09-23T14:29:36+00:00\" \/>\n<meta name=\"twitter:card\" content=\"summary_large_image\" \/>\n<script type=\"application\/ld+json\" class=\"yoast-schema-graph\">{\"@context\":\"https:\/\/schema.org\",\"@graph\":[{\"@type\":\"WebPage\",\"@id\":\"https:\/\/endodontistemonteregie.ca\/en\/endodontic-microsurgery-apectomy\/\",\"url\":\"https:\/\/endodontistemonteregie.ca\/en\/endodontic-microsurgery-apectomy\/\",\"name\":\"Endodontic microsurgery (apectomy) in Saint Hubert - Endodontie Mont\u00e9r\u00e9gie\",\"isPartOf\":{\"@id\":\"https:\/\/endodontistemonteregie.ca\/en\/#website\"},\"datePublished\":\"2024-03-11T15:19:43+00:00\",\"dateModified\":\"2024-09-23T14:29:36+00:00\",\"description\":\"Discover the indications for endodontic apectomy in Mont\u00e9r\u00e9gie. Information on the procedure, pain management and post-operative advice.\",\"inLanguage\":\"en-US\",\"potentialAction\":[{\"@type\":\"ReadAction\",\"target\":[\"https:\/\/endodontistemonteregie.ca\/en\/endodontic-microsurgery-apectomy\/\"]}]},{\"@type\":\"WebSite\",\"@id\":\"https:\/\/endodontistemonteregie.ca\/en\/#website\",\"url\":\"https:\/\/endodontistemonteregie.ca\/en\/\",\"name\":\"Endodontie Mont\u00e9r\u00e9gie\",\"description\":\"Sp\u00e9cialistes en traitement de canal \u00e0 Saint-Hubert\",\"potentialAction\":[{\"@type\":\"SearchAction\",\"target\":{\"@type\":\"EntryPoint\",\"urlTemplate\":\"https:\/\/endodontistemonteregie.ca\/en\/?s={search_term_string}\"},\"query-input\":{\"@type\":\"PropertyValueSpecification\",\"valueRequired\":true,\"valueName\":\"search_term_string\"}}],\"inLanguage\":\"en-US\"}]}<\/script>\n<!-- \/ Yoast SEO Premium plugin. -->","yoast_head_json":{"title":"Endodontic microsurgery (apectomy) in Saint Hubert - Endodontie Mont\u00e9r\u00e9gie","description":"Discover the indications for endodontic apectomy in Mont\u00e9r\u00e9gie. Information on the procedure, pain management and post-operative advice.","robots":{"index":"index","follow":"follow","max-snippet":"max-snippet:-1","max-image-preview":"max-image-preview:large","max-video-preview":"max-video-preview:-1"},"canonical":"https:\/\/endodontistemonteregie.ca\/en\/endodontic-microsurgery-apectomy\/","og_locale":"en_US","og_type":"article","og_title":"Endodontic microsurgery (apectomy)","og_url":"https:\/\/endodontistemonteregie.ca\/en\/endodontic-microsurgery-apectomy\/","og_site_name":"Endodontie Mont\u00e9r\u00e9gie","article_modified_time":"2024-09-23T14:29:36+00:00","twitter_card":"summary_large_image","schema":{"@context":"https:\/\/schema.org","@graph":[{"@type":"WebPage","@id":"https:\/\/endodontistemonteregie.ca\/en\/endodontic-microsurgery-apectomy\/","url":"https:\/\/endodontistemonteregie.ca\/en\/endodontic-microsurgery-apectomy\/","name":"Endodontic microsurgery (apectomy) in Saint Hubert - Endodontie Mont\u00e9r\u00e9gie","isPartOf":{"@id":"https:\/\/endodontistemonteregie.ca\/en\/#website"},"datePublished":"2024-03-11T15:19:43+00:00","dateModified":"2024-09-23T14:29:36+00:00","description":"Discover the indications for endodontic apectomy in Mont\u00e9r\u00e9gie. Information on the procedure, pain management and post-operative advice.","inLanguage":"en-US","potentialAction":[{"@type":"ReadAction","target":["https:\/\/endodontistemonteregie.ca\/en\/endodontic-microsurgery-apectomy\/"]}]},{"@type":"WebSite","@id":"https:\/\/endodontistemonteregie.ca\/en\/#website","url":"https:\/\/endodontistemonteregie.ca\/en\/","name":"Endodontie Mont\u00e9r\u00e9gie","description":"Sp\u00e9cialistes en traitement de canal \u00e0 Saint-Hubert","potentialAction":[{"@type":"SearchAction","target":{"@type":"EntryPoint","urlTemplate":"https:\/\/endodontistemonteregie.ca\/en\/?s={search_term_string}"},"query-input":{"@type":"PropertyValueSpecification","valueRequired":true,"valueName":"search_term_string"}}],"inLanguage":"en-US"}]}},"_links":{"self":[{"href":"https:\/\/endodontistemonteregie.ca\/en\/wp-json\/wp\/v2\/pages\/659203","targetHints":{"allow":["GET"]}}],"collection":[{"href":"https:\/\/endodontistemonteregie.ca\/en\/wp-json\/wp\/v2\/pages"}],"about":[{"href":"https:\/\/endodontistemonteregie.ca\/en\/wp-json\/wp\/v2\/types\/page"}],"author":[{"embeddable":true,"href":"https:\/\/endodontistemonteregie.ca\/en\/wp-json\/wp\/v2\/users\/1"}],"replies":[{"embeddable":true,"href":"https:\/\/endodontistemonteregie.ca\/en\/wp-json\/wp\/v2\/comments?post=659203"}],"version-history":[{"count":5,"href":"https:\/\/endodontistemonteregie.ca\/en\/wp-json\/wp\/v2\/pages\/659203\/revisions"}],"predecessor-version":[{"id":659306,"href":"https:\/\/endodontistemonteregie.ca\/en\/wp-json\/wp\/v2\/pages\/659203\/revisions\/659306"}],"wp:attachment":[{"href":"https:\/\/endodontistemonteregie.ca\/en\/wp-json\/wp\/v2\/media?parent=659203"}],"wp:term":[{"taxonomy":"page-category","embeddable":true,"href":"https:\/\/endodontistemonteregie.ca\/en\/wp-json\/wp\/v2\/page-category?post=659203"}],"curies":[{"name":"wp","href":"https:\/\/api.w.org\/{rel}","templated":true}]}}