{"id":659208,"date":"2024-03-11T10:24:03","date_gmt":"2024-03-11T15:24:03","guid":{"rendered":"https:\/\/endodontistemonteregie.ca\/nos-technologies\/"},"modified":"2024-09-23T09:48:29","modified_gmt":"2024-09-23T14:48:29","slug":"our-technologies","status":"publish","type":"page","link":"https:\/\/endodontistemonteregie.ca\/en\/our-technologies\/","title":{"rendered":"Our technologies"},"content":{"rendered":"\n<section id=\"gentle-wave\"  class=\"o-block animated\" data-animation=\"fadeInUp\">\n    <div class=\"c-media-text o-container\">\n        <div class=\"c-media-text_inner relative-media\">\n            \n             \n                <div class=\"c-media-text_media -align_v-align-center\">\n                    <img decoding=\"async\" class=\"c-media-text_image\"\n                        src=\"https:\/\/endodontistemonteregie.ca\/wp-content\/uploads\/2024\/04\/gentlewave-2-1.jpg\"\n                         srcset=\"https:\/\/endodontistemonteregie.ca\/wp-content\/uploads\/2024\/04\/gentlewave-2-1.jpg 1536w, https:\/\/endodontistemonteregie.ca\/wp-content\/uploads\/2024\/04\/gentlewave-2-1.jpg 2048w, https:\/\/endodontistemonteregie.ca\/wp-content\/uploads\/2024\/04\/gentlewave-2-1.jpg 1440w, https:\/\/endodontistemonteregie.ca\/wp-content\/uploads\/2024\/04\/gentlewave-2-1-692x720.jpg 720w, https:\/\/endodontistemonteregie.ca\/wp-content\/uploads\/2024\/04\/gentlewave-2-1-346x360.jpg 360w\"                         alt=\"GentleWave \u00e0 la clinique Endodontie Mont\u00e9r\u00e9gie, \u00e0 Saint-Hubert.\">\n                <\/div>\n            \n            <div class=\"c-media-text_content -align_v-align-center\">\n                <h2>GentleWave<\/h2>\n<p>GentleWave technology is the result of extensive research into fluid dynamics.<\/p>\n<p>It enables more conservative root canal treatments, preserving more tooth structure while achieving optimal disinfection, even in cases with root canal ramifications that cannot be reached with traditional methods.<\/p>\n<p>Endodontie Mont\u00e9r\u00e9gie is proud to be the 2nd clinic in Quebec to routinely use Gentlewave technology to make root canal treatment faster, more effective, pain-free and, above all, uncompromising.<\/p>\n\n            <\/div>\n        <\/div>\n    <\/div>\n<\/section>\n\n\n<section id=\"laser-waterlase-iplus\"  class=\"o-block animated\" data-animation=\"fadeInUp\">\n    <div class=\"c-media-text o-container\">\n        <div class=\"c-media-text_inner relative-media\">\n            \n             \n                <div class=\"c-media-text_media -align_v-align-center\">\n                    <img decoding=\"async\" class=\"c-media-text_image\"\n                        src=\"https:\/\/endodontistemonteregie.ca\/wp-content\/uploads\/2024\/06\/waterlase.jpg\"\n                         srcset=\"https:\/\/endodontistemonteregie.ca\/wp-content\/uploads\/2024\/06\/waterlase.jpg 1536w, https:\/\/endodontistemonteregie.ca\/wp-content\/uploads\/2024\/06\/waterlase.jpg 2048w, https:\/\/endodontistemonteregie.ca\/wp-content\/uploads\/2024\/06\/waterlase.jpg 1440w, https:\/\/endodontistemonteregie.ca\/wp-content\/uploads\/2024\/06\/waterlase-720x554.jpg 720w, https:\/\/endodontistemonteregie.ca\/wp-content\/uploads\/2024\/06\/waterlase-360x277.jpg 360w\"                         alt=\"Waterlase en Endodontie Mont\u00e9r\u00e9gie \u00e0 Saint-Hubert.\">\n                <\/div>\n            \n            <div class=\"c-media-text_content -align_v-align-center\">\n                <h2>The Waterlase iPlus laser<\/h2>\n<p>Waterlase iPlus technology uses air, water and concentrated light to generate gentle yet powerful energy waves in a tooth&#8217;s root canals to help remove bacteria and other contaminants from infected teeth.<\/p>\n<p>Thorough cleaning of a tooth&#8217;s root canals is essential to the success of a root canal treatment. The Waterlase iPlus laser can perform this action without the need for the endodontist to use the heavy-gauge manual or rotary instruments typically used. In this way, cleaning and disinfection of the canals of an infected tooth can be carried out while respecting the natural anatomy of the tooth and being minimally invasive, which can contribute to making the treated tooth more resistant to fracture.<\/p>\n<p>This technology enables us to improve the efficiency of our services and enhance the comfort of the patients who receive our endodontic care.<\/p>\n<p>Endodontie Mont\u00e9r\u00e9gie is proud to be among the first to integrate this technological advance into an endodontic practice in Quebec.<\/p>\n<p>For more information, <a href=\"https:\/\/www.biolase.com\/clinical-technique-animations\/\" target=\"_blank\" rel=\"noopener\">click here<\/a>.<\/p>\n\n            <\/div>\n        <\/div>\n    <\/div>\n<\/section>\n\n\n<section id=\"scan-3d\"  class=\"o-block animated\" data-animation=\"fadeInUp\">\n    <div class=\"c-media-text o-container\">\n        <div class=\"c-media-text_inner relative-media\">\n            \n             \n                <div class=\"c-media-text_media -align_v-align-top\">\n                    <img decoding=\"async\" class=\"c-media-text_image\"\n                        src=\"https:\/\/endodontistemonteregie.ca\/wp-content\/uploads\/2024\/04\/radiographie-1.jpg\"\n                         srcset=\"https:\/\/endodontistemonteregie.ca\/wp-content\/uploads\/2024\/04\/radiographie-1-1024x1536.jpg 1536w, https:\/\/endodontistemonteregie.ca\/wp-content\/uploads\/2024\/04\/radiographie-1.jpg 2048w, https:\/\/endodontistemonteregie.ca\/wp-content\/uploads\/2024\/04\/radiographie-1-960x1440.jpg 1440w, https:\/\/endodontistemonteregie.ca\/wp-content\/uploads\/2024\/04\/radiographie-1-480x720.jpg 720w, https:\/\/endodontistemonteregie.ca\/wp-content\/uploads\/2024\/04\/radiographie-1-240x360.jpg 360w\"                         alt=\"Radiographie \u00e0 la clinique Endodontie Mont\u00e9r\u00e9gie, \u00e0 Saint-Hubert.\">\n                <\/div>\n            \n            <div class=\"c-media-text_content -align_v-align-top\">\n                <h2>3D scanning (TVFC)<\/h2>\n<p>Root canals can have many variations and configurations, making your tooth unique. In recent years, with the advancement of 3D imaging technology, this tool has become invaluable to the endodontist.<\/p>\n<p>Among other things, 3D imaging technology enables the endodontist to visualize whether an infection is present and, above all, to assess the complexity of the treatment required to remedy it.<\/p>\n<p>At Clinique Endodontie Mont\u00e9r\u00e9gie, we have a machine with unrivalled resolution, designed specifically to help us identify the specific anatomical features of teeth with endodontic pathologies. The endodontist is therefore able to assess the number of canals, curvatures and ramifications present in your tooth before starting treatment. He&#8217;ll be able to explain the various difficulties he may encounter during treatment and better assess the chances of success, so you can make the best decision for your situation.<\/p>\n<p>Although your dentist may have already taken a 3D image of your mouth as part of an examination during a dental hygiene visit, their equipment, while very versatile in allowing a multitude of applications, often doesn&#8217;t offer the optimal resolution needed to analyze a tooth&#8217;s root canal system. A new high-resolution 3D scan should therefore be taken at our clinic.<\/p>\n<p>3D imaging is usually recommended for:<\/p>\n<p>Teeth that have already undergone root canal treatment<br \/>\nWhen your dentist suspects the presence of root resorption<br \/>\nTo identify the source of pain that is difficult to localize<br \/>\nBefore using GentleWave technology<\/p>\n\n            <\/div>\n        <\/div>\n    <\/div>\n<\/section>\n\n\n<section id=\"microscope\"  class=\"o-block animated\" data-animation=\"fadeInUp\">\n    <div class=\"c-media-text o-container\">\n        <div class=\"c-media-text_inner relative-media\">\n            \n             \n                <div class=\"c-media-text_media -align_v-align-center\">\n                    <img decoding=\"async\" class=\"c-media-text_image\"\n                        src=\"https:\/\/endodontistemonteregie.ca\/wp-content\/uploads\/2024\/04\/global.jpg\"\n                         srcset=\"https:\/\/endodontistemonteregie.ca\/wp-content\/uploads\/2024\/04\/global.jpg 1536w, https:\/\/endodontistemonteregie.ca\/wp-content\/uploads\/2024\/04\/global.jpg 2048w, https:\/\/endodontistemonteregie.ca\/wp-content\/uploads\/2024\/04\/global.jpg 1440w, https:\/\/endodontistemonteregie.ca\/wp-content\/uploads\/2024\/04\/global-720x480.jpg 720w, https:\/\/endodontistemonteregie.ca\/wp-content\/uploads\/2024\/04\/global-360x240.jpg 360w\"                         alt=\"Global chez Endodontie Mont\u00e9r\u00e9gie, \u00e0 Saint-Hubert.\">\n                <\/div>\n            \n            <div class=\"c-media-text_content -align_v-align-center\">\n                <h2>Operating microscope<\/h2>\n<p>Specialized equipment, used for all treatments, that enables extreme procedural precision and improves detection of root canal micro-anatomy that might otherwise be overlooked. The operating microscope enables the endodontist to perform your root canal treatment under high magnification (up to 30X), thus increasing treatment predictability.<\/p>\n\n            <\/div>\n        <\/div>\n    <\/div>\n<\/section>\n\n\n<section id=\"radiographie\"  class=\"o-block\">\n    <div class=\"c-text-v1 o-container\">\n        <div class=\"c-text_inner align-left\">\n                            <div class=\"c-text_content animated\" data-animation=\"fadeInUp\">\n                    <h2>Digital X-ray sensor<\/h2>\n<p>Provides outstanding intra-oral X-ray images with less radiation.<\/p>\n\n                <\/div>\n                        <div class=\"cta-parent\">\n                                            <\/div>\n        <\/div>\n    <\/div>\n<\/section>","protected":false},"excerpt":{"rendered":"","protected":false},"author":1,"featured_media":0,"parent":0,"menu_order":0,"comment_status":"closed","ping_status":"closed","template":"","meta":{"_acf_changed":false,"footnotes":""},"page-category":[],"class_list":["post-659208","page","type-page","status-publish","hentry"],"acf":[],"yoast_head":"<!-- This site is optimized with the Yoast SEO Premium plugin v25.1 (Yoast SEO v25.1) - https:\/\/yoast.com\/wordpress\/plugins\/seo\/ -->\n<title>Our technologies Endodontie Mont\u00e9r\u00e9gie Saint Hubert - Microscope &amp; X-ray<\/title>\n<meta name=\"description\" content=\"Discover our endodontic technologies: operating microscope for maximum precision and digital X-ray sensor for quality images.\" \/>\n<meta name=\"robots\" content=\"index, follow, max-snippet:-1, max-image-preview:large, max-video-preview:-1\" \/>\n<link rel=\"canonical\" href=\"https:\/\/endodontistemonteregie.ca\/en\/our-technologies\/\" \/>\n<meta property=\"og:locale\" content=\"en_US\" \/>\n<meta property=\"og:type\" content=\"article\" \/>\n<meta property=\"og:title\" content=\"Our technologies\" \/>\n<meta property=\"og:url\" content=\"https:\/\/endodontistemonteregie.ca\/en\/our-technologies\/\" \/>\n<meta property=\"og:site_name\" content=\"Endodontie Mont\u00e9r\u00e9gie\" \/>\n<meta property=\"article:modified_time\" content=\"2024-09-23T14:48:29+00:00\" \/>\n<meta name=\"twitter:card\" content=\"summary_large_image\" \/>\n<script type=\"application\/ld+json\" class=\"yoast-schema-graph\">{\"@context\":\"https:\/\/schema.org\",\"@graph\":[{\"@type\":\"WebPage\",\"@id\":\"https:\/\/endodontistemonteregie.ca\/en\/our-technologies\/\",\"url\":\"https:\/\/endodontistemonteregie.ca\/en\/our-technologies\/\",\"name\":\"Our technologies Endodontie Mont\u00e9r\u00e9gie Saint Hubert - Microscope & X-ray\",\"isPartOf\":{\"@id\":\"https:\/\/endodontistemonteregie.ca\/en\/#website\"},\"datePublished\":\"2024-03-11T15:24:03+00:00\",\"dateModified\":\"2024-09-23T14:48:29+00:00\",\"description\":\"Discover our endodontic technologies: operating microscope for maximum precision and digital X-ray sensor for quality images.\",\"inLanguage\":\"en-US\",\"potentialAction\":[{\"@type\":\"ReadAction\",\"target\":[\"https:\/\/endodontistemonteregie.ca\/en\/our-technologies\/\"]}]},{\"@type\":\"WebSite\",\"@id\":\"https:\/\/endodontistemonteregie.ca\/en\/#website\",\"url\":\"https:\/\/endodontistemonteregie.ca\/en\/\",\"name\":\"Endodontie Mont\u00e9r\u00e9gie\",\"description\":\"Sp\u00e9cialistes en traitement de canal \u00e0 Saint-Hubert\",\"potentialAction\":[{\"@type\":\"SearchAction\",\"target\":{\"@type\":\"EntryPoint\",\"urlTemplate\":\"https:\/\/endodontistemonteregie.ca\/en\/?s={search_term_string}\"},\"query-input\":{\"@type\":\"PropertyValueSpecification\",\"valueRequired\":true,\"valueName\":\"search_term_string\"}}],\"inLanguage\":\"en-US\"}]}<\/script>\n<!-- \/ Yoast SEO Premium plugin. -->","yoast_head_json":{"title":"Our technologies Endodontie Mont\u00e9r\u00e9gie Saint Hubert - Microscope & X-ray","description":"Discover our endodontic technologies: operating microscope for maximum precision and digital X-ray sensor for quality images.","robots":{"index":"index","follow":"follow","max-snippet":"max-snippet:-1","max-image-preview":"max-image-preview:large","max-video-preview":"max-video-preview:-1"},"canonical":"https:\/\/endodontistemonteregie.ca\/en\/our-technologies\/","og_locale":"en_US","og_type":"article","og_title":"Our technologies","og_url":"https:\/\/endodontistemonteregie.ca\/en\/our-technologies\/","og_site_name":"Endodontie Mont\u00e9r\u00e9gie","article_modified_time":"2024-09-23T14:48:29+00:00","twitter_card":"summary_large_image","schema":{"@context":"https:\/\/schema.org","@graph":[{"@type":"WebPage","@id":"https:\/\/endodontistemonteregie.ca\/en\/our-technologies\/","url":"https:\/\/endodontistemonteregie.ca\/en\/our-technologies\/","name":"Our technologies Endodontie Mont\u00e9r\u00e9gie Saint Hubert - Microscope & X-ray","isPartOf":{"@id":"https:\/\/endodontistemonteregie.ca\/en\/#website"},"datePublished":"2024-03-11T15:24:03+00:00","dateModified":"2024-09-23T14:48:29+00:00","description":"Discover our endodontic technologies: operating microscope for maximum precision and digital X-ray sensor for quality images.","inLanguage":"en-US","potentialAction":[{"@type":"ReadAction","target":["https:\/\/endodontistemonteregie.ca\/en\/our-technologies\/"]}]},{"@type":"WebSite","@id":"https:\/\/endodontistemonteregie.ca\/en\/#website","url":"https:\/\/endodontistemonteregie.ca\/en\/","name":"Endodontie Mont\u00e9r\u00e9gie","description":"Sp\u00e9cialistes en traitement de canal \u00e0 Saint-Hubert","potentialAction":[{"@type":"SearchAction","target":{"@type":"EntryPoint","urlTemplate":"https:\/\/endodontistemonteregie.ca\/en\/?s={search_term_string}"},"query-input":{"@type":"PropertyValueSpecification","valueRequired":true,"valueName":"search_term_string"}}],"inLanguage":"en-US"}]}},"_links":{"self":[{"href":"https:\/\/endodontistemonteregie.ca\/en\/wp-json\/wp\/v2\/pages\/659208","targetHints":{"allow":["GET"]}}],"collection":[{"href":"https:\/\/endodontistemonteregie.ca\/en\/wp-json\/wp\/v2\/pages"}],"about":[{"href":"https:\/\/endodontistemonteregie.ca\/en\/wp-json\/wp\/v2\/types\/page"}],"author":[{"embeddable":true,"href":"https:\/\/endodontistemonteregie.ca\/en\/wp-json\/wp\/v2\/users\/1"}],"replies":[{"embeddable":true,"href":"https:\/\/endodontistemonteregie.ca\/en\/wp-json\/wp\/v2\/comments?post=659208"}],"version-history":[{"count":7,"href":"https:\/\/endodontistemonteregie.ca\/en\/wp-json\/wp\/v2\/pages\/659208\/revisions"}],"predecessor-version":[{"id":659314,"href":"https:\/\/endodontistemonteregie.ca\/en\/wp-json\/wp\/v2\/pages\/659208\/revisions\/659314"}],"wp:attachment":[{"href":"https:\/\/endodontistemonteregie.ca\/en\/wp-json\/wp\/v2\/media?parent=659208"}],"wp:term":[{"taxonomy":"page-category","embeddable":true,"href":"https:\/\/endodontistemonteregie.ca\/en\/wp-json\/wp\/v2\/page-category?post=659208"}],"curies":[{"name":"wp","href":"https:\/\/api.w.org\/{rel}","templated":true}]}}