{"id":659233,"date":"2024-04-23T12:58:13","date_gmt":"2024-04-23T17:58:13","guid":{"rendered":"https:\/\/endodontistemonteregie.ca\/traitement-de-dent-immature-endodontie-pediatrique\/"},"modified":"2024-09-23T10:03:46","modified_gmt":"2024-09-23T15:03:46","slug":"treatment-of-immature-teeth-pediatric-endodontics","status":"publish","type":"page","link":"https:\/\/endodontistemonteregie.ca\/en\/treatment-of-immature-teeth-pediatric-endodontics\/","title":{"rendered":"Treatment of immature teeth &#8211; Pediatric endodontics"},"content":{"rendered":"\n<section   class=\"o-block animated\" data-animation=\"fadeInUp\">\n    <div class=\"c-media-text o-container\">\n        <div class=\"c-media-text_inner relative-media\">\n            \n             \n                <div class=\"c-media-text_media -align_v-align-center\">\n                    <img decoding=\"async\" class=\"c-media-text_image\"\n                        src=\"https:\/\/endodontistemonteregie.ca\/wp-content\/uploads\/2024\/04\/endodontie-enfant.jpg\"\n                         srcset=\"https:\/\/endodontistemonteregie.ca\/wp-content\/uploads\/2024\/04\/endodontie-enfant.jpg 1536w, https:\/\/endodontistemonteregie.ca\/wp-content\/uploads\/2024\/04\/endodontie-enfant.jpg 2048w, https:\/\/endodontistemonteregie.ca\/wp-content\/uploads\/2024\/04\/endodontie-enfant-1440x960.jpg 1440w, https:\/\/endodontistemonteregie.ca\/wp-content\/uploads\/2024\/04\/endodontie-enfant-720x480.jpg 720w, https:\/\/endodontistemonteregie.ca\/wp-content\/uploads\/2024\/04\/endodontie-enfant-360x240.jpg 360w\"                         alt=\"Endodontie chez l'enfant \u00e0 Saint Hubert.\">\n                <\/div>\n            \n            <div class=\"c-media-text_content -align_v-align-center\">\n                <h2>Treatment for children<\/h2>\n<p>Unfortunately, your child may need an endodontist to treat one of his or her permanent teeth soon after it has appeared in the mouth. Whether as a result of deep decay or dental malformation, sometimes the dental pulp is affected. The endodontist will present you with various treatment options based on your child&#8217;s situation.<\/p>\n\n            <\/div>\n        <\/div>\n    <\/div>\n<\/section>\n\n\n<section   class=\"o-block\">\n    <div class=\"c-text-v1 o-container\">\n        <div class=\"c-text_inner align-left\">\n                            <div class=\"c-text_content animated\" data-animation=\"fadeInUp\">\n                    <h2>The treatment alternatives are as follows:<\/h2>\n<p>&nbsp;<\/p>\n<h3>Vital pulp treatment &#8211; Apexogenesis<\/h3>\n<p>This treatment is proposed in cases of deep caries where the child complains of sensitivity to cold and incomplete root development. The endodontist is then able to treat the decay and remove only the affected pulp, while allowing your child&#8217;s tooth to continue developing.<\/p>\n<p>&nbsp;<\/p>\n<h3>Apexification<\/h3>\n<p>This treatment is proposed when a tooth that has not completed its formation requires full endodontic treatment, but cannot be sealed with conventional materials. Using the operating microscope, the endodontist will be able to seal the canals with materials suitable for this situation.<\/p>\n<p>&nbsp;<\/p>\n<h3>Revascularization<\/h3>\n<p>This treatment is proposed when an infected tooth that has not completed its formation requires full endodontic treatment, but the degree of root formation is clearly insufficient.<\/p>\n\n                <\/div>\n                        <div class=\"cta-parent\">\n                                            <\/div>\n        <\/div>\n    <\/div>\n<\/section>","protected":false},"excerpt":{"rendered":"","protected":false},"author":1,"featured_media":0,"parent":0,"menu_order":0,"comment_status":"closed","ping_status":"closed","template":"","meta":{"_acf_changed":false,"footnotes":""},"page-category":[],"class_list":["post-659233","page","type-page","status-publish","hentry"],"acf":[],"yoast_head":"<!-- This site is optimized with the Yoast SEO Premium plugin v25.1 (Yoast SEO v25.1) - https:\/\/yoast.com\/wordpress\/plugins\/seo\/ -->\n<title>Treatment of immature teeth - Pediatric endodontics - Endodontie Mont\u00e9r\u00e9gie Saint Hubert<\/title>\n<meta name=\"description\" content=\"Discover endodontic treatments for immature teeth in Mont\u00e9r\u00e9gie: apexogenesis, apexification and revascularization.\" \/>\n<meta name=\"robots\" content=\"index, follow, max-snippet:-1, max-image-preview:large, max-video-preview:-1\" \/>\n<link rel=\"canonical\" href=\"https:\/\/endodontistemonteregie.ca\/en\/treatment-of-immature-teeth-pediatric-endodontics\/\" \/>\n<meta property=\"og:locale\" content=\"en_US\" \/>\n<meta property=\"og:type\" content=\"article\" \/>\n<meta property=\"og:title\" content=\"Treatment of immature teeth - Pediatric endodontics\" \/>\n<meta property=\"og:url\" content=\"https:\/\/endodontistemonteregie.ca\/en\/treatment-of-immature-teeth-pediatric-endodontics\/\" \/>\n<meta property=\"og:site_name\" content=\"Endodontie Mont\u00e9r\u00e9gie\" \/>\n<meta property=\"article:modified_time\" content=\"2024-09-23T15:03:46+00:00\" \/>\n<meta name=\"twitter:card\" content=\"summary_large_image\" \/>\n<script type=\"application\/ld+json\" class=\"yoast-schema-graph\">{\"@context\":\"https:\/\/schema.org\",\"@graph\":[{\"@type\":\"WebPage\",\"@id\":\"https:\/\/endodontistemonteregie.ca\/en\/treatment-of-immature-teeth-pediatric-endodontics\/\",\"url\":\"https:\/\/endodontistemonteregie.ca\/en\/treatment-of-immature-teeth-pediatric-endodontics\/\",\"name\":\"Treatment of immature teeth - Pediatric endodontics - Endodontie Mont\u00e9r\u00e9gie Saint Hubert\",\"isPartOf\":{\"@id\":\"https:\/\/endodontistemonteregie.ca\/en\/#website\"},\"datePublished\":\"2024-04-23T17:58:13+00:00\",\"dateModified\":\"2024-09-23T15:03:46+00:00\",\"description\":\"Discover endodontic treatments for immature teeth in Mont\u00e9r\u00e9gie: apexogenesis, apexification and revascularization.\",\"inLanguage\":\"en-US\",\"potentialAction\":[{\"@type\":\"ReadAction\",\"target\":[\"https:\/\/endodontistemonteregie.ca\/en\/treatment-of-immature-teeth-pediatric-endodontics\/\"]}]},{\"@type\":\"WebSite\",\"@id\":\"https:\/\/endodontistemonteregie.ca\/en\/#website\",\"url\":\"https:\/\/endodontistemonteregie.ca\/en\/\",\"name\":\"Endodontie Mont\u00e9r\u00e9gie\",\"description\":\"Sp\u00e9cialistes en traitement de canal \u00e0 Saint-Hubert\",\"potentialAction\":[{\"@type\":\"SearchAction\",\"target\":{\"@type\":\"EntryPoint\",\"urlTemplate\":\"https:\/\/endodontistemonteregie.ca\/en\/?s={search_term_string}\"},\"query-input\":{\"@type\":\"PropertyValueSpecification\",\"valueRequired\":true,\"valueName\":\"search_term_string\"}}],\"inLanguage\":\"en-US\"}]}<\/script>\n<!-- \/ Yoast SEO Premium plugin. -->","yoast_head_json":{"title":"Treatment of immature teeth - Pediatric endodontics - Endodontie Mont\u00e9r\u00e9gie Saint Hubert","description":"Discover endodontic treatments for immature teeth in Mont\u00e9r\u00e9gie: apexogenesis, apexification and revascularization.","robots":{"index":"index","follow":"follow","max-snippet":"max-snippet:-1","max-image-preview":"max-image-preview:large","max-video-preview":"max-video-preview:-1"},"canonical":"https:\/\/endodontistemonteregie.ca\/en\/treatment-of-immature-teeth-pediatric-endodontics\/","og_locale":"en_US","og_type":"article","og_title":"Treatment of immature teeth - Pediatric endodontics","og_url":"https:\/\/endodontistemonteregie.ca\/en\/treatment-of-immature-teeth-pediatric-endodontics\/","og_site_name":"Endodontie Mont\u00e9r\u00e9gie","article_modified_time":"2024-09-23T15:03:46+00:00","twitter_card":"summary_large_image","schema":{"@context":"https:\/\/schema.org","@graph":[{"@type":"WebPage","@id":"https:\/\/endodontistemonteregie.ca\/en\/treatment-of-immature-teeth-pediatric-endodontics\/","url":"https:\/\/endodontistemonteregie.ca\/en\/treatment-of-immature-teeth-pediatric-endodontics\/","name":"Treatment of immature teeth - Pediatric endodontics - Endodontie Mont\u00e9r\u00e9gie Saint Hubert","isPartOf":{"@id":"https:\/\/endodontistemonteregie.ca\/en\/#website"},"datePublished":"2024-04-23T17:58:13+00:00","dateModified":"2024-09-23T15:03:46+00:00","description":"Discover endodontic treatments for immature teeth in Mont\u00e9r\u00e9gie: apexogenesis, apexification and revascularization.","inLanguage":"en-US","potentialAction":[{"@type":"ReadAction","target":["https:\/\/endodontistemonteregie.ca\/en\/treatment-of-immature-teeth-pediatric-endodontics\/"]}]},{"@type":"WebSite","@id":"https:\/\/endodontistemonteregie.ca\/en\/#website","url":"https:\/\/endodontistemonteregie.ca\/en\/","name":"Endodontie Mont\u00e9r\u00e9gie","description":"Sp\u00e9cialistes en traitement de canal \u00e0 Saint-Hubert","potentialAction":[{"@type":"SearchAction","target":{"@type":"EntryPoint","urlTemplate":"https:\/\/endodontistemonteregie.ca\/en\/?s={search_term_string}"},"query-input":{"@type":"PropertyValueSpecification","valueRequired":true,"valueName":"search_term_string"}}],"inLanguage":"en-US"}]}},"_links":{"self":[{"href":"https:\/\/endodontistemonteregie.ca\/en\/wp-json\/wp\/v2\/pages\/659233","targetHints":{"allow":["GET"]}}],"collection":[{"href":"https:\/\/endodontistemonteregie.ca\/en\/wp-json\/wp\/v2\/pages"}],"about":[{"href":"https:\/\/endodontistemonteregie.ca\/en\/wp-json\/wp\/v2\/types\/page"}],"author":[{"embeddable":true,"href":"https:\/\/endodontistemonteregie.ca\/en\/wp-json\/wp\/v2\/users\/1"}],"replies":[{"embeddable":true,"href":"https:\/\/endodontistemonteregie.ca\/en\/wp-json\/wp\/v2\/comments?post=659233"}],"version-history":[{"count":2,"href":"https:\/\/endodontistemonteregie.ca\/en\/wp-json\/wp\/v2\/pages\/659233\/revisions"}],"predecessor-version":[{"id":659237,"href":"https:\/\/endodontistemonteregie.ca\/en\/wp-json\/wp\/v2\/pages\/659233\/revisions\/659237"}],"wp:attachment":[{"href":"https:\/\/endodontistemonteregie.ca\/en\/wp-json\/wp\/v2\/media?parent=659233"}],"wp:term":[{"taxonomy":"page-category","embeddable":true,"href":"https:\/\/endodontistemonteregie.ca\/en\/wp-json\/wp\/v2\/page-category?post=659233"}],"curies":[{"name":"wp","href":"https:\/\/api.w.org\/{rel}","templated":true}]}}