{"id":659238,"date":"2024-03-11T10:16:49","date_gmt":"2024-03-11T15:16:49","guid":{"rendered":"https:\/\/endodontistemonteregie.ca\/retraitement-de-canal\/"},"modified":"2024-09-23T09:16:35","modified_gmt":"2024-09-23T14:16:35","slug":"channel-rehabilitation","status":"publish","type":"page","link":"https:\/\/endodontistemonteregie.ca\/en\/channel-rehabilitation\/","title":{"rendered":"Channel rehabilitation"},"content":{"rendered":"\n<section   class=\"o-block animated\" data-animation=\"fadeInUp\">\n    <div class=\"c-media-text o-container\">\n        <div class=\"c-media-text_inner relative-media right\">\n            \n             \n                <div class=\"c-media-text_media -align_v-align-center\">\n                    <img decoding=\"async\" class=\"c-media-text_image\"\n                        src=\"https:\/\/endodontistemonteregie.ca\/wp-content\/uploads\/2024\/05\/endodontiste.jpg\"\n                         srcset=\"https:\/\/endodontistemonteregie.ca\/wp-content\/uploads\/2024\/05\/endodontiste-1536x1024.jpg 1536w, https:\/\/endodontistemonteregie.ca\/wp-content\/uploads\/2024\/05\/endodontiste-2048x1366.jpg 2048w, https:\/\/endodontistemonteregie.ca\/wp-content\/uploads\/2024\/05\/endodontiste-1440x960.jpg 1440w, https:\/\/endodontistemonteregie.ca\/wp-content\/uploads\/2024\/05\/endodontiste-720x480.jpg 720w, https:\/\/endodontistemonteregie.ca\/wp-content\/uploads\/2024\/05\/endodontiste-360x240.jpg 360w\"                         alt=\"Endodontie Mont\u00e9r\u00e9gie, situ\u00e9e \u00e0 Saint-Hubert.\">\n                <\/div>\n            \n            <div class=\"c-media-text_content -align_v-align-center\">\n                <h2>Why root canal therapy?<\/h2>\n<p>Following a consultation that usually includes 3D imaging, the endodontist may recommend partial or complete root canal re-treatment of the problem tooth, since it is showing inadequate healing or new infection. As a general rule, retreatment is indicated when the endodontist determines that he or she can predictably improve the root canal treatment previously performed.<\/p>\n\n            <\/div>\n        <\/div>\n    <\/div>\n<\/section>\n\n\n<section   class=\"o-block animated\" data-animation=\"fadeInUp\">\n    <div class=\"c-media-text o-container\">\n        <div class=\"c-media-text_inner relative-media left\">\n            \n             \n                <div class=\"c-media-text_media -align_v-align-center\">\n                    <img decoding=\"async\" class=\"c-media-text_image\"\n                        src=\"https:\/\/endodontistemonteregie.ca\/wp-content\/uploads\/2024\/04\/endodontiste-2.jpg\"\n                         srcset=\"https:\/\/endodontistemonteregie.ca\/wp-content\/uploads\/2024\/04\/endodontiste-2.jpg 1536w, https:\/\/endodontistemonteregie.ca\/wp-content\/uploads\/2024\/04\/endodontiste-2.jpg 2048w, https:\/\/endodontistemonteregie.ca\/wp-content\/uploads\/2024\/04\/endodontiste-2.jpg 1440w, https:\/\/endodontistemonteregie.ca\/wp-content\/uploads\/2024\/04\/endodontiste-2-720x538.jpg 720w, https:\/\/endodontistemonteregie.ca\/wp-content\/uploads\/2024\/04\/endodontiste-2-360x269.jpg 360w\"                         alt=\"Retraitement de canal chez Endodontie Mont\u00e9r\u00e9gie, \u00e0 Saint-Hubert.\">\n                <\/div>\n            \n            <div class=\"c-media-text_content -align_v-align-center\">\n                <h2>What is root canal retreatment?<\/h2>\n<p>Root canal therapy involves removing all obturating material that has been placed inside the contaminated roots of the tooth, followed by complete disinfection of the root canal system and, finally, placement of new obturating material.<\/p>\n<p>Endodontic retreatment is usually indicated when the tooth has:<\/p>\n<ul>\n<li>Complex canals that were not treated during the first treatment.<\/li>\n<li>A restoration or crown that has not been placed within the recommended timeframe, causing recontamination of the initial root canal treatment.<\/li>\n<li>Reason to believe that the initial disinfection was inadequate.<\/li>\n<\/ul>\n<p>Following root canal treatment, it is imperative to consult your dentist promptly in order to receive a new permanent restoration.<\/p>\n\n            <\/div>\n        <\/div>\n    <\/div>\n<\/section>","protected":false},"excerpt":{"rendered":"","protected":false},"author":1,"featured_media":0,"parent":0,"menu_order":0,"comment_status":"closed","ping_status":"closed","template":"","meta":{"_acf_changed":false,"footnotes":""},"page-category":[],"class_list":["post-659238","page","type-page","status-publish","hentry"],"acf":[],"yoast_head":"<!-- This site is optimized with the Yoast SEO Premium plugin v25.1 (Yoast SEO v25.1) - https:\/\/yoast.com\/wordpress\/plugins\/seo\/ -->\n<title>Channel rehabilitation Endodontie Mont\u00e9r\u00e9gie in Saint Hubert - Repair &amp; Disinfection<\/title>\n<meta name=\"description\" content=\"Discover root canal treatment in Mont\u00e9r\u00e9gie: removal of filling material, root canal disinfection and new filling for a healthy tooth.\" \/>\n<meta name=\"robots\" content=\"index, follow, max-snippet:-1, max-image-preview:large, max-video-preview:-1\" \/>\n<link rel=\"canonical\" href=\"https:\/\/endodontistemonteregie.ca\/en\/channel-rehabilitation\/\" \/>\n<meta property=\"og:locale\" content=\"en_US\" \/>\n<meta property=\"og:type\" content=\"article\" \/>\n<meta property=\"og:title\" content=\"Channel rehabilitation\" \/>\n<meta property=\"og:url\" content=\"https:\/\/endodontistemonteregie.ca\/en\/channel-rehabilitation\/\" \/>\n<meta property=\"og:site_name\" content=\"Endodontie Mont\u00e9r\u00e9gie\" \/>\n<meta property=\"article:modified_time\" content=\"2024-09-23T14:16:35+00:00\" \/>\n<meta name=\"twitter:card\" content=\"summary_large_image\" \/>\n<script type=\"application\/ld+json\" class=\"yoast-schema-graph\">{\"@context\":\"https:\/\/schema.org\",\"@graph\":[{\"@type\":\"WebPage\",\"@id\":\"https:\/\/endodontistemonteregie.ca\/en\/channel-rehabilitation\/\",\"url\":\"https:\/\/endodontistemonteregie.ca\/en\/channel-rehabilitation\/\",\"name\":\"Channel rehabilitation Endodontie Mont\u00e9r\u00e9gie in Saint Hubert - Repair & Disinfection\",\"isPartOf\":{\"@id\":\"https:\/\/endodontistemonteregie.ca\/en\/#website\"},\"datePublished\":\"2024-03-11T15:16:49+00:00\",\"dateModified\":\"2024-09-23T14:16:35+00:00\",\"description\":\"Discover root canal treatment in Mont\u00e9r\u00e9gie: removal of filling material, root canal disinfection and new filling for a healthy tooth.\",\"inLanguage\":\"en-US\",\"potentialAction\":[{\"@type\":\"ReadAction\",\"target\":[\"https:\/\/endodontistemonteregie.ca\/en\/channel-rehabilitation\/\"]}]},{\"@type\":\"WebSite\",\"@id\":\"https:\/\/endodontistemonteregie.ca\/en\/#website\",\"url\":\"https:\/\/endodontistemonteregie.ca\/en\/\",\"name\":\"Endodontie Mont\u00e9r\u00e9gie\",\"description\":\"Sp\u00e9cialistes en traitement de canal \u00e0 Saint-Hubert\",\"potentialAction\":[{\"@type\":\"SearchAction\",\"target\":{\"@type\":\"EntryPoint\",\"urlTemplate\":\"https:\/\/endodontistemonteregie.ca\/en\/?s={search_term_string}\"},\"query-input\":{\"@type\":\"PropertyValueSpecification\",\"valueRequired\":true,\"valueName\":\"search_term_string\"}}],\"inLanguage\":\"en-US\"}]}<\/script>\n<!-- \/ Yoast SEO Premium plugin. -->","yoast_head_json":{"title":"Channel rehabilitation Endodontie Mont\u00e9r\u00e9gie in Saint Hubert - Repair & Disinfection","description":"Discover root canal treatment in Mont\u00e9r\u00e9gie: removal of filling material, root canal disinfection and new filling for a healthy tooth.","robots":{"index":"index","follow":"follow","max-snippet":"max-snippet:-1","max-image-preview":"max-image-preview:large","max-video-preview":"max-video-preview:-1"},"canonical":"https:\/\/endodontistemonteregie.ca\/en\/channel-rehabilitation\/","og_locale":"en_US","og_type":"article","og_title":"Channel rehabilitation","og_url":"https:\/\/endodontistemonteregie.ca\/en\/channel-rehabilitation\/","og_site_name":"Endodontie Mont\u00e9r\u00e9gie","article_modified_time":"2024-09-23T14:16:35+00:00","twitter_card":"summary_large_image","schema":{"@context":"https:\/\/schema.org","@graph":[{"@type":"WebPage","@id":"https:\/\/endodontistemonteregie.ca\/en\/channel-rehabilitation\/","url":"https:\/\/endodontistemonteregie.ca\/en\/channel-rehabilitation\/","name":"Channel rehabilitation Endodontie Mont\u00e9r\u00e9gie in Saint Hubert - Repair & Disinfection","isPartOf":{"@id":"https:\/\/endodontistemonteregie.ca\/en\/#website"},"datePublished":"2024-03-11T15:16:49+00:00","dateModified":"2024-09-23T14:16:35+00:00","description":"Discover root canal treatment in Mont\u00e9r\u00e9gie: removal of filling material, root canal disinfection and new filling for a healthy tooth.","inLanguage":"en-US","potentialAction":[{"@type":"ReadAction","target":["https:\/\/endodontistemonteregie.ca\/en\/channel-rehabilitation\/"]}]},{"@type":"WebSite","@id":"https:\/\/endodontistemonteregie.ca\/en\/#website","url":"https:\/\/endodontistemonteregie.ca\/en\/","name":"Endodontie Mont\u00e9r\u00e9gie","description":"Sp\u00e9cialistes en traitement de canal \u00e0 Saint-Hubert","potentialAction":[{"@type":"SearchAction","target":{"@type":"EntryPoint","urlTemplate":"https:\/\/endodontistemonteregie.ca\/en\/?s={search_term_string}"},"query-input":{"@type":"PropertyValueSpecification","valueRequired":true,"valueName":"search_term_string"}}],"inLanguage":"en-US"}]}},"_links":{"self":[{"href":"https:\/\/endodontistemonteregie.ca\/en\/wp-json\/wp\/v2\/pages\/659238","targetHints":{"allow":["GET"]}}],"collection":[{"href":"https:\/\/endodontistemonteregie.ca\/en\/wp-json\/wp\/v2\/pages"}],"about":[{"href":"https:\/\/endodontistemonteregie.ca\/en\/wp-json\/wp\/v2\/types\/page"}],"author":[{"embeddable":true,"href":"https:\/\/endodontistemonteregie.ca\/en\/wp-json\/wp\/v2\/users\/1"}],"replies":[{"embeddable":true,"href":"https:\/\/endodontistemonteregie.ca\/en\/wp-json\/wp\/v2\/comments?post=659238"}],"version-history":[{"count":2,"href":"https:\/\/endodontistemonteregie.ca\/en\/wp-json\/wp\/v2\/pages\/659238\/revisions"}],"predecessor-version":[{"id":659242,"href":"https:\/\/endodontistemonteregie.ca\/en\/wp-json\/wp\/v2\/pages\/659238\/revisions\/659242"}],"wp:attachment":[{"href":"https:\/\/endodontistemonteregie.ca\/en\/wp-json\/wp\/v2\/media?parent=659238"}],"wp:term":[{"taxonomy":"page-category","embeddable":true,"href":"https:\/\/endodontistemonteregie.ca\/en\/wp-json\/wp\/v2\/page-category?post=659238"}],"curies":[{"name":"wp","href":"https:\/\/api.w.org\/{rel}","templated":true}]}}