{"id":659247,"date":"2021-12-01T15:35:09","date_gmt":"2021-12-01T20:35:09","guid":{"rendered":"https:\/\/endodontistemonteregie.ca\/visiter-la-clinique\/"},"modified":"2024-09-23T10:03:39","modified_gmt":"2024-09-23T15:03:39","slug":"visit-the-clinic","status":"publish","type":"page","link":"https:\/\/endodontistemonteregie.ca\/en\/visit-the-clinic\/","title":{"rendered":"Visit the clinic"},"content":{"rendered":"","protected":false},"excerpt":{"rendered":"","protected":false},"author":1,"featured_media":0,"parent":0,"menu_order":0,"comment_status":"closed","ping_status":"closed","template":"\/templates\/visit-the-clinic.php","meta":{"_acf_changed":false,"footnotes":""},"page-category":[],"class_list":["post-659247","page","type-page","status-publish","hentry"],"acf":[],"yoast_head":"<!-- This site is optimized with the Yoast SEO Premium plugin v25.1 (Yoast SEO v25.1) - https:\/\/yoast.com\/wordpress\/plugins\/seo\/ -->\n<title>Visit the clinic - Endodontie Mont\u00e9r\u00e9gie Saint Hubert<\/title>\n<meta name=\"description\" content=\"Visit our Mont\u00e9r\u00e9gie clinic: 8141 Cousineau Blvd. Suite 208. Hours of operation and phone number 450 656-0303.\" \/>\n<meta name=\"robots\" content=\"index, follow, max-snippet:-1, max-image-preview:large, max-video-preview:-1\" \/>\n<link rel=\"canonical\" href=\"https:\/\/endodontistemonteregie.ca\/en\/visit-the-clinic\/\" \/>\n<meta property=\"og:locale\" content=\"en_US\" \/>\n<meta property=\"og:type\" content=\"article\" \/>\n<meta property=\"og:title\" content=\"Visit the clinic\" \/>\n<meta property=\"og:url\" content=\"https:\/\/endodontistemonteregie.ca\/en\/visit-the-clinic\/\" \/>\n<meta property=\"og:site_name\" content=\"Endodontie Mont\u00e9r\u00e9gie\" \/>\n<meta property=\"article:modified_time\" content=\"2024-09-23T15:03:39+00:00\" \/>\n<meta name=\"twitter:card\" content=\"summary_large_image\" \/>\n<script type=\"application\/ld+json\" class=\"yoast-schema-graph\">{\"@context\":\"https:\/\/schema.org\",\"@graph\":[{\"@type\":\"WebPage\",\"@id\":\"https:\/\/endodontistemonteregie.ca\/en\/visit-the-clinic\/\",\"url\":\"https:\/\/endodontistemonteregie.ca\/en\/visit-the-clinic\/\",\"name\":\"Visit the clinic - Endodontie Mont\u00e9r\u00e9gie Saint Hubert\",\"isPartOf\":{\"@id\":\"https:\/\/endodontistemonteregie.ca\/en\/#website\"},\"datePublished\":\"2021-12-01T20:35:09+00:00\",\"dateModified\":\"2024-09-23T15:03:39+00:00\",\"description\":\"Visit our Mont\u00e9r\u00e9gie clinic: 8141 Cousineau Blvd. Suite 208. Hours of operation and phone number 450 656-0303.\",\"inLanguage\":\"en-US\",\"potentialAction\":[{\"@type\":\"ReadAction\",\"target\":[\"https:\/\/endodontistemonteregie.ca\/en\/visit-the-clinic\/\"]}]},{\"@type\":\"WebSite\",\"@id\":\"https:\/\/endodontistemonteregie.ca\/en\/#website\",\"url\":\"https:\/\/endodontistemonteregie.ca\/en\/\",\"name\":\"Endodontie Mont\u00e9r\u00e9gie\",\"description\":\"Sp\u00e9cialistes en traitement de canal \u00e0 Saint-Hubert\",\"potentialAction\":[{\"@type\":\"SearchAction\",\"target\":{\"@type\":\"EntryPoint\",\"urlTemplate\":\"https:\/\/endodontistemonteregie.ca\/en\/?s={search_term_string}\"},\"query-input\":{\"@type\":\"PropertyValueSpecification\",\"valueRequired\":true,\"valueName\":\"search_term_string\"}}],\"inLanguage\":\"en-US\"}]}<\/script>\n<!-- \/ Yoast SEO Premium plugin. -->","yoast_head_json":{"title":"Visit the clinic - Endodontie Mont\u00e9r\u00e9gie Saint Hubert","description":"Visit our Mont\u00e9r\u00e9gie clinic: 8141 Cousineau Blvd. Suite 208. Hours of operation and phone number 450 656-0303.","robots":{"index":"index","follow":"follow","max-snippet":"max-snippet:-1","max-image-preview":"max-image-preview:large","max-video-preview":"max-video-preview:-1"},"canonical":"https:\/\/endodontistemonteregie.ca\/en\/visit-the-clinic\/","og_locale":"en_US","og_type":"article","og_title":"Visit the clinic","og_url":"https:\/\/endodontistemonteregie.ca\/en\/visit-the-clinic\/","og_site_name":"Endodontie Mont\u00e9r\u00e9gie","article_modified_time":"2024-09-23T15:03:39+00:00","twitter_card":"summary_large_image","schema":{"@context":"https:\/\/schema.org","@graph":[{"@type":"WebPage","@id":"https:\/\/endodontistemonteregie.ca\/en\/visit-the-clinic\/","url":"https:\/\/endodontistemonteregie.ca\/en\/visit-the-clinic\/","name":"Visit the clinic - Endodontie Mont\u00e9r\u00e9gie Saint Hubert","isPartOf":{"@id":"https:\/\/endodontistemonteregie.ca\/en\/#website"},"datePublished":"2021-12-01T20:35:09+00:00","dateModified":"2024-09-23T15:03:39+00:00","description":"Visit our Mont\u00e9r\u00e9gie clinic: 8141 Cousineau Blvd. Suite 208. Hours of operation and phone number 450 656-0303.","inLanguage":"en-US","potentialAction":[{"@type":"ReadAction","target":["https:\/\/endodontistemonteregie.ca\/en\/visit-the-clinic\/"]}]},{"@type":"WebSite","@id":"https:\/\/endodontistemonteregie.ca\/en\/#website","url":"https:\/\/endodontistemonteregie.ca\/en\/","name":"Endodontie Mont\u00e9r\u00e9gie","description":"Sp\u00e9cialistes en traitement de canal \u00e0 Saint-Hubert","potentialAction":[{"@type":"SearchAction","target":{"@type":"EntryPoint","urlTemplate":"https:\/\/endodontistemonteregie.ca\/en\/?s={search_term_string}"},"query-input":{"@type":"PropertyValueSpecification","valueRequired":true,"valueName":"search_term_string"}}],"inLanguage":"en-US"}]}},"_links":{"self":[{"href":"https:\/\/endodontistemonteregie.ca\/en\/wp-json\/wp\/v2\/pages\/659247","targetHints":{"allow":["GET"]}}],"collection":[{"href":"https:\/\/endodontistemonteregie.ca\/en\/wp-json\/wp\/v2\/pages"}],"about":[{"href":"https:\/\/endodontistemonteregie.ca\/en\/wp-json\/wp\/v2\/types\/page"}],"author":[{"embeddable":true,"href":"https:\/\/endodontistemonteregie.ca\/en\/wp-json\/wp\/v2\/users\/1"}],"replies":[{"embeddable":true,"href":"https:\/\/endodontistemonteregie.ca\/en\/wp-json\/wp\/v2\/comments?post=659247"}],"version-history":[{"count":1,"href":"https:\/\/endodontistemonteregie.ca\/en\/wp-json\/wp\/v2\/pages\/659247\/revisions"}],"predecessor-version":[{"id":659248,"href":"https:\/\/endodontistemonteregie.ca\/en\/wp-json\/wp\/v2\/pages\/659247\/revisions\/659248"}],"wp:attachment":[{"href":"https:\/\/endodontistemonteregie.ca\/en\/wp-json\/wp\/v2\/media?parent=659247"}],"wp:term":[{"taxonomy":"page-category","embeddable":true,"href":"https:\/\/endodontistemonteregie.ca\/en\/wp-json\/wp\/v2\/page-category?post=659247"}],"curies":[{"name":"wp","href":"https:\/\/api.w.org\/{rel}","templated":true}]}}