{"id":659269,"date":"2024-04-23T14:47:09","date_gmt":"2024-04-23T19:47:09","guid":{"rendered":"https:\/\/endodontistemonteregie.ca\/foire-aux-questions\/"},"modified":"2024-09-23T10:15:56","modified_gmt":"2024-09-23T15:15:56","slug":"frequently-asked-questions","status":"publish","type":"page","link":"https:\/\/endodontistemonteregie.ca\/en\/frequently-asked-questions\/","title":{"rendered":"Frequently asked questions"},"content":{"rendered":"\n<section  class=\"o-block u-padding-top-none\">\n    <div class=\"c-faq o-container\">\n                <div class=\"c-faq_inner\">\n                            <div class=\"c-faq_item\" aria-expanded=\"false\" role=\"growarea\">\n                    <div class=\"c-faq_item_head\">\n                        <h3 class=\"c-heading -h4 question\"><span>What is endodontics?<\/span><\/h3>\n                    <\/div>\n                    <div class=\"c-faq_item_body\">\n                        <div class=\"c-faq_item_content\"><p>Endodontics is the branch of dentistry concerned with the morphology, physiology and pathology of the dental pulp and periradicular tissues.<\/p>\n<\/div>\n                    <\/div>\n                <\/div>\n                            <div class=\"c-faq_item\" aria-expanded=\"false\" role=\"growarea\">\n                    <div class=\"c-faq_item_head\">\n                        <h3 class=\"c-heading -h4 question\"><span>What is an endodontist?<\/span><\/h3>\n                    <\/div>\n                    <div class=\"c-faq_item_body\">\n                        <div class=\"c-faq_item_content\"><p>As a specialist in dental medicine, the endodontist treats mainly inflammations and infections of the internal root canal system of the dentition, particularly the dental pulp and periradicular tissues. They have received at least two years of advanced training and hold a certificate in endodontics from a specialized training program accredited by the Canadian Dental Association. His practice is limited to endodontics.<\/p>\n<\/div>\n                    <\/div>\n                <\/div>\n                            <div class=\"c-faq_item\" aria-expanded=\"false\" role=\"growarea\">\n                    <div class=\"c-faq_item_head\">\n                        <h3 class=\"c-heading -h4 question\"><span>Why choose an endodontist?<\/span><\/h3>\n                    <\/div>\n                    <div class=\"c-faq_item_body\">\n                        <div class=\"c-faq_item_content\"><p>Endodontists are dentists specializing in root canal treatment, committed to helping you maintain your natural smile for life. Endodontists have completed at least two additional years of training beyond university dental school. Did you know that all endodontists are dentists, but only 3% of dentists in North America are endodontists? Their advanced training, specialized techniques and cutting-edge technology guarantee you the highest quality care with the best possible outcome: saving your natural teeth!<\/p>\n<\/div>\n                    <\/div>\n                <\/div>\n                            <div class=\"c-faq_item\" aria-expanded=\"false\" role=\"growarea\">\n                    <div class=\"c-faq_item_head\">\n                        <h3 class=\"c-heading -h4 question\"><span>Do I need a referral from my dentist before making an appointment at your clinic?<\/span><\/h3>\n                    <\/div>\n                    <div class=\"c-faq_item_body\">\n                        <div class=\"c-faq_item_content\"><p>Yes, your general dentist will refer you to us if he or she feels that specialized treatment is required. Please be sure to bring your medication list and referral with you on your first visit, or ask your general dentist to complete our online referral form.<\/p>\n<\/div>\n                    <\/div>\n                <\/div>\n                            <div class=\"c-faq_item\" aria-expanded=\"false\" role=\"growarea\">\n                    <div class=\"c-faq_item_head\">\n                        <h3 class=\"c-heading -h4 question\"><span>Can I change or cancel my appointment?<\/span><\/h3>\n                    <\/div>\n                    <div class=\"c-faq_item_body\">\n                        <div class=\"c-faq_item_content\"><p>We understand that you may need to cancel or postpone an appointment. If this is the case, please give us at least 48 hours&#8217; notice by contacting our reception team.<\/p>\n<\/div>\n                    <\/div>\n                <\/div>\n                            <div class=\"c-faq_item\" aria-expanded=\"false\" role=\"growarea\">\n                    <div class=\"c-faq_item_head\">\n                        <h3 class=\"c-heading -h4 question\"><span>Do I need to arrive early for my first appointment?<\/span><\/h3>\n                    <\/div>\n                    <div class=\"c-faq_item_body\">\n                        <div class=\"c-faq_item_content\"><p>We ask that you arrive 15 minutes early for your consultation appointment, especially if your medical questionnaire has not been completed online through our website. This process includes your medical history and current medications. When this is done online, it gives you time to complete these details at a convenient time without having to rush. When you arrive, we&#8217;ll need a few minutes to confirm your information with our reception staff, change anything if necessary and open your file if this is your first visit with us. In the case of a treatment visit, you can arrive 5 minutes before your scheduled appointment time.<\/p>\n<\/div>\n                    <\/div>\n                <\/div>\n                            <div class=\"c-faq_item\" aria-expanded=\"false\" role=\"growarea\">\n                    <div class=\"c-faq_item_head\">\n                        <h3 class=\"c-heading -h4 question\"><span>How much can I expect to pay for my consultation and treatment?<\/span><\/h3>\n                    <\/div>\n                    <div class=\"c-faq_item_body\">\n                        <div class=\"c-faq_item_content\"><p>Your first consultation appointment may vary, but will generally cost between $155 and $390, including X-rays and 3D imaging if required. After your consultation, your endodontist will be better able to give you an idea of what your treatment will entail, including the number of appointments. Before treatment begins, you may be given a written estimate so that you are fully informed of the expected costs of the required treatment plan. If you have additional private dental insurance coverage, you may be eligible for a discount from your insurer. Our reception team can help you complete your claim with your insurance provider.<\/p>\n<\/div>\n                    <\/div>\n                <\/div>\n                            <div class=\"c-faq_item\" aria-expanded=\"false\" role=\"growarea\">\n                    <div class=\"c-faq_item_head\">\n                        <h3 class=\"c-heading -h4 question\"><span>Are canal treatments safe?<\/span><\/h3>\n                    <\/div>\n                    <div class=\"c-faq_item_body\">\n                        <div class=\"c-faq_item_content\"><p>Absolutely! Root canal therapy is a safe and effective solution for treating teeth with inflamed or infected pulp. It is also used in special situations to preserve and restore teeth. For many patients, root canal therapy remains the only possible solution for preserving a tooth that has suffered severe damage or infection. Unfortunately, there is some misinformation about root canal therapy circulating in the public domain, particularly on the web and social networks. Patients are encouraged to discuss any questions or concerns they may have about root canal treatment with us to avoid anxiety or fear of developing other health problems leading to a delay in treatment that could further compromise the integrity of the tooth.<br \/>\nFor more information, please consult the following credible links:<br \/>\nCanadian Association of Endodontists: Safety of Endodontic Treatment &#8211; https:\/\/www.caendo.ca\/patients\/safety-of-endodontic-treatment\/<br \/>\nAmerican Association of Endodontists: Myths about root canals &#8211; https:\/\/www.aae.org\/patients\/root-canal-treatment\/myths-root-canals\/<br \/>\nand Root canal safety &#8211; Root Canal Safety &#8211; American Association of Endodontists<\/p>\n<p>Canadian Cancer Society: Do root canals cause cancer? &#8211; https:\/\/cancer.ca\/fr\/cancer-information\/reduce-your-risk\/myths-and-controversies\/do-root-canals-cause-cancer<\/p>\n<\/div>\n                    <\/div>\n                <\/div>\n                            <div class=\"c-faq_item\" aria-expanded=\"false\" role=\"growarea\">\n                    <div class=\"c-faq_item_head\">\n                        <h3 class=\"c-heading -h4 question\"><span>Should I schedule a follow-up visit after my root canal treatment is completed?<\/span><\/h3>\n                    <\/div>\n                    <div class=\"c-faq_item_body\">\n                        <div class=\"c-faq_item_content\"><p>After endodontic treatment, a healing check-up may be necessary, 3 to 12 months after the end of the procedure, depending on the case. In many cases, this can be done at your dentist&#8217;s office, as we work closely with him or her. However, if a follow-up visit to our clinic is recommended, our reception team will contact you to let you know. This appointment is free of charge.<\/p>\n<\/div>\n                    <\/div>\n                <\/div>\n                            <div class=\"c-faq_item\" aria-expanded=\"false\" role=\"growarea\">\n                    <div class=\"c-faq_item_head\">\n                        <h3 class=\"c-heading -h4 question\"><span>Will my treatment be painful?<\/span><\/h3>\n                    <\/div>\n                    <div class=\"c-faq_item_body\">\n                        <div class=\"c-faq_item_content\"><p>We will take every measure to ensure that your procedure is in no way uncomfortable or painful. If treatment is necessary, we will use the appropriate amount of anesthetic to gently numb a concentrated area of your mouth. For most patients, the numbing sensation usually disappears after 2 to 3 hours.<\/p>\n<\/div>\n                    <\/div>\n                <\/div>\n                            <div class=\"c-faq_item\" aria-expanded=\"false\" role=\"growarea\">\n                    <div class=\"c-faq_item_head\">\n                        <h3 class=\"c-heading -h4 question\"><span>What are the possible complications?<\/span><\/h3>\n                    <\/div>\n                    <div class=\"c-faq_item_body\">\n                        <div class=\"c-faq_item_content\"><p>The majority of root canal treatments are completed successfully and without complication. However, there are a few rare situations that can arise during the procedure. For example, in complicated cases, a piece of the instrument used to clean the canal may accidentally break off, particularly when the canal is very tight or very curved. In such cases, the instrument may have to be removed or relocated in order to properly disinfect and seal the canal in spite of its presence; this does not usually diminish the success of the treatment. We do our utmost to preserve the crowns of the teeth we treat if they are adequate, but occasionally the porcelain of a crown fractures and cannot be repaired. In such cases, your dentist will have to replace it.<\/p>\n<\/div>\n                    <\/div>\n                <\/div>\n                            <div class=\"c-faq_item\" aria-expanded=\"false\" role=\"growarea\">\n                    <div class=\"c-faq_item_head\">\n                        <h3 class=\"c-heading -h4 question\"><span>Will my root canal treatment be successful?<\/span><\/h3>\n                    <\/div>\n                    <div class=\"c-faq_item_body\">\n                        <div class=\"c-faq_item_content\"><p>Some patients report having had teeth extracted after endodontic treatment and are therefore pessimistic about the potential results of root canal therapy. Our expectations for long-term healing of diseased teeth are high, and your individual expectations will be assessed and discussed before your treatment begins. We&#8217;ll explain how to protect the tooth to minimize the risk of failure of the procedure performed. In some cases, inflammation or infection of a tooth is caused by a crack. Some of these cracked teeth can be preserved by root canal treatment and the addition of a crown. Properly restored, these teeth are functional, but may feel different. As endodontic specialists, we also see patients with failed root canal treatment who need endodontic retreatment. Initial root canal failures are often the result of problems with the initial treatment, and once corrected, the tooth can heal successfully.<\/p>\n<\/div>\n                    <\/div>\n                <\/div>\n                    <\/div>\n    <\/div>\n<\/section>","protected":false},"excerpt":{"rendered":"","protected":false},"author":1,"featured_media":0,"parent":0,"menu_order":0,"comment_status":"closed","ping_status":"closed","template":"","meta":{"_acf_changed":false,"footnotes":""},"page-category":[],"class_list":["post-659269","page","type-page","status-publish","hentry"],"acf":[],"yoast_head":"<!-- This site is optimized with the Yoast SEO Premium plugin v25.1 (Yoast SEO v25.1) - https:\/\/yoast.com\/wordpress\/plugins\/seo\/ -->\n<title>Frequently asked questions - in Saint Hubert - Answer &amp; info<\/title>\n<meta name=\"description\" content=\"Find answers to frequently asked questions about endodontic treatment in Mont\u00e9r\u00e9gie. Clear information and advice to help you.\" \/>\n<meta name=\"robots\" content=\"index, follow, max-snippet:-1, max-image-preview:large, max-video-preview:-1\" \/>\n<link rel=\"canonical\" href=\"https:\/\/endodontistemonteregie.ca\/en\/frequently-asked-questions\/\" \/>\n<meta property=\"og:locale\" content=\"en_US\" \/>\n<meta property=\"og:type\" content=\"article\" \/>\n<meta property=\"og:title\" content=\"Frequently asked questions\" \/>\n<meta property=\"og:url\" content=\"https:\/\/endodontistemonteregie.ca\/en\/frequently-asked-questions\/\" \/>\n<meta property=\"og:site_name\" content=\"Endodontie Mont\u00e9r\u00e9gie\" \/>\n<meta property=\"article:modified_time\" content=\"2024-09-23T15:15:56+00:00\" \/>\n<meta name=\"twitter:card\" content=\"summary_large_image\" \/>\n<script type=\"application\/ld+json\" class=\"yoast-schema-graph\">{\"@context\":\"https:\/\/schema.org\",\"@graph\":[{\"@type\":\"WebPage\",\"@id\":\"https:\/\/endodontistemonteregie.ca\/en\/frequently-asked-questions\/\",\"url\":\"https:\/\/endodontistemonteregie.ca\/en\/frequently-asked-questions\/\",\"name\":\"Frequently asked questions - in Saint Hubert - Answer & info\",\"isPartOf\":{\"@id\":\"https:\/\/endodontistemonteregie.ca\/en\/#website\"},\"datePublished\":\"2024-04-23T19:47:09+00:00\",\"dateModified\":\"2024-09-23T15:15:56+00:00\",\"description\":\"Find answers to frequently asked questions about endodontic treatment in Mont\u00e9r\u00e9gie. Clear information and advice to help you.\",\"inLanguage\":\"en-US\",\"potentialAction\":[{\"@type\":\"ReadAction\",\"target\":[\"https:\/\/endodontistemonteregie.ca\/en\/frequently-asked-questions\/\"]}]},{\"@type\":\"WebSite\",\"@id\":\"https:\/\/endodontistemonteregie.ca\/en\/#website\",\"url\":\"https:\/\/endodontistemonteregie.ca\/en\/\",\"name\":\"Endodontie Mont\u00e9r\u00e9gie\",\"description\":\"Sp\u00e9cialistes en traitement de canal \u00e0 Saint-Hubert\",\"potentialAction\":[{\"@type\":\"SearchAction\",\"target\":{\"@type\":\"EntryPoint\",\"urlTemplate\":\"https:\/\/endodontistemonteregie.ca\/en\/?s={search_term_string}\"},\"query-input\":{\"@type\":\"PropertyValueSpecification\",\"valueRequired\":true,\"valueName\":\"search_term_string\"}}],\"inLanguage\":\"en-US\"}]}<\/script>\n<!-- \/ Yoast SEO Premium plugin. -->","yoast_head_json":{"title":"Frequently asked questions - in Saint Hubert - Answer & info","description":"Find answers to frequently asked questions about endodontic treatment in Mont\u00e9r\u00e9gie. Clear information and advice to help you.","robots":{"index":"index","follow":"follow","max-snippet":"max-snippet:-1","max-image-preview":"max-image-preview:large","max-video-preview":"max-video-preview:-1"},"canonical":"https:\/\/endodontistemonteregie.ca\/en\/frequently-asked-questions\/","og_locale":"en_US","og_type":"article","og_title":"Frequently asked questions","og_url":"https:\/\/endodontistemonteregie.ca\/en\/frequently-asked-questions\/","og_site_name":"Endodontie Mont\u00e9r\u00e9gie","article_modified_time":"2024-09-23T15:15:56+00:00","twitter_card":"summary_large_image","schema":{"@context":"https:\/\/schema.org","@graph":[{"@type":"WebPage","@id":"https:\/\/endodontistemonteregie.ca\/en\/frequently-asked-questions\/","url":"https:\/\/endodontistemonteregie.ca\/en\/frequently-asked-questions\/","name":"Frequently asked questions - in Saint Hubert - Answer & info","isPartOf":{"@id":"https:\/\/endodontistemonteregie.ca\/en\/#website"},"datePublished":"2024-04-23T19:47:09+00:00","dateModified":"2024-09-23T15:15:56+00:00","description":"Find answers to frequently asked questions about endodontic treatment in Mont\u00e9r\u00e9gie. Clear information and advice to help you.","inLanguage":"en-US","potentialAction":[{"@type":"ReadAction","target":["https:\/\/endodontistemonteregie.ca\/en\/frequently-asked-questions\/"]}]},{"@type":"WebSite","@id":"https:\/\/endodontistemonteregie.ca\/en\/#website","url":"https:\/\/endodontistemonteregie.ca\/en\/","name":"Endodontie Mont\u00e9r\u00e9gie","description":"Sp\u00e9cialistes en traitement de canal \u00e0 Saint-Hubert","potentialAction":[{"@type":"SearchAction","target":{"@type":"EntryPoint","urlTemplate":"https:\/\/endodontistemonteregie.ca\/en\/?s={search_term_string}"},"query-input":{"@type":"PropertyValueSpecification","valueRequired":true,"valueName":"search_term_string"}}],"inLanguage":"en-US"}]}},"_links":{"self":[{"href":"https:\/\/endodontistemonteregie.ca\/en\/wp-json\/wp\/v2\/pages\/659269","targetHints":{"allow":["GET"]}}],"collection":[{"href":"https:\/\/endodontistemonteregie.ca\/en\/wp-json\/wp\/v2\/pages"}],"about":[{"href":"https:\/\/endodontistemonteregie.ca\/en\/wp-json\/wp\/v2\/types\/page"}],"author":[{"embeddable":true,"href":"https:\/\/endodontistemonteregie.ca\/en\/wp-json\/wp\/v2\/users\/1"}],"replies":[{"embeddable":true,"href":"https:\/\/endodontistemonteregie.ca\/en\/wp-json\/wp\/v2\/comments?post=659269"}],"version-history":[{"count":2,"href":"https:\/\/endodontistemonteregie.ca\/en\/wp-json\/wp\/v2\/pages\/659269\/revisions"}],"predecessor-version":[{"id":659272,"href":"https:\/\/endodontistemonteregie.ca\/en\/wp-json\/wp\/v2\/pages\/659269\/revisions\/659272"}],"wp:attachment":[{"href":"https:\/\/endodontistemonteregie.ca\/en\/wp-json\/wp\/v2\/media?parent=659269"}],"wp:term":[{"taxonomy":"page-category","embeddable":true,"href":"https:\/\/endodontistemonteregie.ca\/en\/wp-json\/wp\/v2\/page-category?post=659269"}],"curies":[{"name":"wp","href":"https:\/\/api.w.org\/{rel}","templated":true}]}}